{"id":7,"date":"2026-04-03T15:57:18","date_gmt":"2026-04-03T15:57:18","guid":{"rendered":"https:\/\/parkour-freerunning.world\/?page_id=7"},"modified":"2026-04-03T15:57:18","modified_gmt":"2026-04-03T15:57:18","slug":"trang-chu","status":"publish","type":"page","link":"https:\/\/parkour-freerunning.world\/","title":{"rendered":"Trang ch\u1ee7"},"content":{"rendered":"\n<div class=\"row\"  id=\"row-1457736325\">\n\n\n\t<div id=\"col-562514704\" class=\"col small-12 large-12\"  >\n\t\t\t\t<div class=\"col-inner\"  >\n\t\t\t\n\t\t\t\n\n<h1 style=\"text-align: center;\" data-section-id=\"1sp6qme\" data-start=\"109\" data-end=\"159\"><strong>CM88 \u2013 N\u1ec1n T\u1ea3ng Gi\u1ea3i Tr\u00ed Tr\u1ef1c Tuy\u1ebfn D\u1ec5 Ti\u1ebfp C\u1eadn<\/strong><\/h1>\n<p style=\"text-align: left;\" data-start=\"161\" data-end=\"339\">CM88 l\u00e0 m\u1ed9t n\u1ec1n t\u1ea3ng gi\u1ea3i tr\u00ed tr\u1ef1c tuy\u1ebfn \u0111\u01b0\u1ee3c thi\u1ebft k\u1ebf theo h\u01b0\u1edbng \u0111\u01a1n gi\u1ea3n v\u00e0 ti\u1ec7n l\u1ee3i. Ng\u01b0\u1eddi d\u00f9ng c\u00f3 th\u1ec3 nhanh ch\u00f3ng l\u00e0m quen v\u1edbi giao di\u1ec7n nh\u1edd c\u00e1ch b\u1ed1 tr\u00ed r\u00f5 r\u00e0ng v\u00e0 d\u1ec5 hi\u1ec3u.<\/p>\n<p style=\"text-align: left;\" data-start=\"341\" data-end=\"548\">H\u1ec7 th\u1ed1ng ho\u1ea1t \u0111\u1ed9ng \u1ed5n \u0111\u1ecbnh tr\u00ean nhi\u1ec1u thi\u1ebft b\u1ecb, gi\u00fap qu\u00e1 tr\u00ecnh tr\u1ea3i nghi\u1ec7m di\u1ec5n ra li\u1ec1n m\u1ea1ch. B\u00ean c\u1ea1nh \u0111\u00f3, n\u1ed9i dung gi\u1ea3i tr\u00ed \u0111a d\u1ea1ng c\u0169ng l\u00e0 \u0111i\u1ec3m gi\u00fap CM88 thu h\u00fat s\u1ef1 quan t\u00e2m t\u1eeb nhi\u1ec1u ng\u01b0\u1eddi d\u00f9ng hi\u1ec7n nay.<\/p>\n\n\t\t<\/div>\n\t\t\t\t\t<\/div>\n\n\t\n\n<\/div>\n\n","protected":false},"excerpt":{"rendered":"","protected":false},"author":1,"featured_media":0,"parent":0,"menu_order":0,"comment_status":"closed","ping_status":"closed","template":"","meta":{"footnotes":""},"class_list":["post-7","page","type-page","status-publish","hentry"],"_links":{"self":[{"href":"https:\/\/parkour-freerunning.world\/index.php\/wp-json\/wp\/v2\/pages\/7","targetHints":{"allow":["GET"]}}],"collection":[{"href":"https:\/\/parkour-freerunning.world\/index.php\/wp-json\/wp\/v2\/pages"}],"about":[{"href":"https:\/\/parkour-freerunning.world\/index.php\/wp-json\/wp\/v2\/types\/page"}],"author":[{"embeddable":true,"href":"https:\/\/parkour-freerunning.world\/index.php\/wp-json\/wp\/v2\/users\/1"}],"replies":[{"embeddable":true,"href":"https:\/\/parkour-freerunning.world\/index.php\/wp-json\/wp\/v2\/comments?post=7"}],"version-history":[{"count":3,"href":"https:\/\/parkour-freerunning.world\/index.php\/wp-json\/wp\/v2\/pages\/7\/revisions"}],"predecessor-version":[{"id":11,"href":"https:\/\/parkour-freerunning.world\/index.php\/wp-json\/wp\/v2\/pages\/7\/revisions\/11"}],"wp:attachment":[{"href":"https:\/\/parkour-freerunning.world\/index.php\/wp-json\/wp\/v2\/media?parent=7"}],"curies":[{"name":"wp","href":"https:\/\/api.w.org\/{rel}","templated":true}]}}